{"id":492,"date":"2023-07-26T04:47:40","date_gmt":"2023-07-26T04:47:40","guid":{"rendered":"https:\/\/holokausztmuzeum.hu\/kiallitas\/"},"modified":"2023-09-29T08:56:08","modified_gmt":"2023-09-29T08:56:08","slug":"exhibition","status":"publish","type":"page","link":"https:\/\/holokausztmuzeum.hu\/en\/exhibition\/","title":{"rendered":"Exhibition"},"content":{"rendered":"<p>You can download the Design Concept and the Timeline, created via an 18-month collaboration between the curators of the museum and the designers and experts of Gallagher\u00a0&amp;\u00a0Associates. The Design Concept is a general plan of the \u201cEtz Hayim\u00a0 \u2013 Tree of Life\u201d exhibition, which contains the ideas for implementing the concept, the methodology of communication, the narrative, and the program of interior design implementation. The major portion of the document is a presentation of the Thematic areas. The Timeline summarizes the most important events between 1867 to 2021.<\/p>\n","protected":false},"excerpt":{"rendered":"<p>You can download the Design Concept and the Timeline, created via an 18-month collaboration between the curators of the museum and the designers and experts of Gallagher\u00a0&amp;\u00a0Associates. The Design Concept is a general plan of the \u201cEtz Hayim\u00a0 \u2013 Tree of Life\u201d exhibition, which contains the ideas for implementing the concept, the methodology of communication, [&hellip;]<\/p>\n","protected":false},"author":1,"featured_media":0,"parent":0,"menu_order":0,"comment_status":"closed","ping_status":"closed","template":"templates\/kiallitas.php","meta":{"_acf_changed":false,"inline_featured_image":false,"footnotes":""},"class_list":["post-492","page","type-page","status-publish","hentry"],"acf":[],"yoast_head":"<!-- This site is optimized with the Yoast SEO Premium plugin v26.2 (Yoast SEO v27.5) - https:\/\/yoast.com\/product\/yoast-seo-premium-wordpress\/ -->\n<title>Exhibition - \u00c9C H\u00c1JIM - Holokausztm\u00fazeum<\/title>\n<meta name=\"robots\" content=\"index, follow, max-snippet:-1, max-image-preview:large, max-video-preview:-1\" \/>\n<link rel=\"canonical\" href=\"https:\/\/holokausztmuzeum.hu\/en\/exhibition\/\" \/>\n<meta property=\"og:locale\" content=\"en_US\" \/>\n<meta property=\"og:type\" content=\"article\" \/>\n<meta property=\"og:title\" content=\"Exhibition\" \/>\n<meta property=\"og:description\" content=\"You can download the Design Concept and the Timeline, created via an 18-month collaboration between the curators of the museum and the designers and experts of Gallagher\u00a0&amp;\u00a0Associates. The Design Concept is a general plan of the \u201cEtz Hayim\u00a0 \u2013 Tree of Life\u201d exhibition, which contains the ideas for implementing the concept, the methodology of communication, [&hellip;]\" \/>\n<meta property=\"og:url\" content=\"https:\/\/holokausztmuzeum.hu\/en\/exhibition\/\" \/>\n<meta property=\"og:site_name\" content=\"\u00c9C H\u00c1JIM - Holokausztm\u00fazeum\" \/>\n<meta property=\"article:modified_time\" content=\"2023-09-29T08:56:08+00:00\" \/>\n<meta property=\"og:image\" content=\"https:\/\/holokausztmuzeum.hu\/wp-content\/uploads\/2023\/09\/IMG_0745.jpeg\" \/>\n\t<meta property=\"og:image:width\" content=\"1920\" \/>\n\t<meta property=\"og:image:height\" content=\"1080\" \/>\n\t<meta property=\"og:image:type\" content=\"image\/jpeg\" \/>\n<meta name=\"twitter:card\" content=\"summary_large_image\" \/>\n<meta name=\"twitter:label1\" content=\"Est. reading time\" \/>\n\t<meta name=\"twitter:data1\" content=\"1 minute\" \/>\n<script type=\"application\/ld+json\" class=\"yoast-schema-graph\">{\"@context\":\"https:\\\/\\\/schema.org\",\"@graph\":[{\"@type\":\"WebPage\",\"@id\":\"https:\\\/\\\/holokausztmuzeum.hu\\\/en\\\/exhibition\\\/\",\"url\":\"https:\\\/\\\/holokausztmuzeum.hu\\\/en\\\/exhibition\\\/\",\"name\":\"Exhibition - \u00c9C H\u00c1JIM - Holokausztm\u00fazeum\",\"isPartOf\":{\"@id\":\"https:\\\/\\\/holokausztmuzeum.hu\\\/#website\"},\"datePublished\":\"2023-07-26T04:47:40+00:00\",\"dateModified\":\"2023-09-29T08:56:08+00:00\",\"breadcrumb\":{\"@id\":\"https:\\\/\\\/holokausztmuzeum.hu\\\/en\\\/exhibition\\\/#breadcrumb\"},\"inLanguage\":\"en-US\",\"potentialAction\":[{\"@type\":\"ReadAction\",\"target\":[\"https:\\\/\\\/holokausztmuzeum.hu\\\/en\\\/exhibition\\\/\"]}]},{\"@type\":\"BreadcrumbList\",\"@id\":\"https:\\\/\\\/holokausztmuzeum.hu\\\/en\\\/exhibition\\\/#breadcrumb\",\"itemListElement\":[{\"@type\":\"ListItem\",\"position\":1,\"name\":\"Kezd\u0151lap\",\"item\":\"https:\\\/\\\/holokausztmuzeum.hu\\\/en\\\/\"},{\"@type\":\"ListItem\",\"position\":2,\"name\":\"Exhibition\"}]},{\"@type\":\"WebSite\",\"@id\":\"https:\\\/\\\/holokausztmuzeum.hu\\\/#website\",\"url\":\"https:\\\/\\\/holokausztmuzeum.hu\\\/\",\"name\":\"\u00c9C H\u00c1JIM - Holokausztm\u00fazeum\",\"description\":\"A Sorsok H\u00e1za\",\"potentialAction\":[{\"@type\":\"SearchAction\",\"target\":{\"@type\":\"EntryPoint\",\"urlTemplate\":\"https:\\\/\\\/holokausztmuzeum.hu\\\/?s={search_term_string}\"},\"query-input\":{\"@type\":\"PropertyValueSpecification\",\"valueRequired\":true,\"valueName\":\"search_term_string\"}}],\"inLanguage\":\"en-US\"}]}<\/script>\n<!-- \/ Yoast SEO Premium plugin. -->","yoast_head_json":{"title":"Exhibition - \u00c9C H\u00c1JIM - Holokausztm\u00fazeum","robots":{"index":"index","follow":"follow","max-snippet":"max-snippet:-1","max-image-preview":"max-image-preview:large","max-video-preview":"max-video-preview:-1"},"canonical":"https:\/\/holokausztmuzeum.hu\/en\/exhibition\/","og_locale":"en_US","og_type":"article","og_title":"Exhibition","og_description":"You can download the Design Concept and the Timeline, created via an 18-month collaboration between the curators of the museum and the designers and experts of Gallagher\u00a0&amp;\u00a0Associates. The Design Concept is a general plan of the \u201cEtz Hayim\u00a0 \u2013 Tree of Life\u201d exhibition, which contains the ideas for implementing the concept, the methodology of communication, [&hellip;]","og_url":"https:\/\/holokausztmuzeum.hu\/en\/exhibition\/","og_site_name":"\u00c9C H\u00c1JIM - Holokausztm\u00fazeum","article_modified_time":"2023-09-29T08:56:08+00:00","og_image":[{"width":1920,"height":1080,"url":"https:\/\/holokausztmuzeum.hu\/wp-content\/uploads\/2023\/09\/IMG_0745.jpeg","type":"image\/jpeg"}],"twitter_card":"summary_large_image","twitter_misc":{"Est. reading time":"1 minute"},"schema":{"@context":"https:\/\/schema.org","@graph":[{"@type":"WebPage","@id":"https:\/\/holokausztmuzeum.hu\/en\/exhibition\/","url":"https:\/\/holokausztmuzeum.hu\/en\/exhibition\/","name":"Exhibition - \u00c9C H\u00c1JIM - Holokausztm\u00fazeum","isPartOf":{"@id":"https:\/\/holokausztmuzeum.hu\/#website"},"datePublished":"2023-07-26T04:47:40+00:00","dateModified":"2023-09-29T08:56:08+00:00","breadcrumb":{"@id":"https:\/\/holokausztmuzeum.hu\/en\/exhibition\/#breadcrumb"},"inLanguage":"en-US","potentialAction":[{"@type":"ReadAction","target":["https:\/\/holokausztmuzeum.hu\/en\/exhibition\/"]}]},{"@type":"BreadcrumbList","@id":"https:\/\/holokausztmuzeum.hu\/en\/exhibition\/#breadcrumb","itemListElement":[{"@type":"ListItem","position":1,"name":"Kezd\u0151lap","item":"https:\/\/holokausztmuzeum.hu\/en\/"},{"@type":"ListItem","position":2,"name":"Exhibition"}]},{"@type":"WebSite","@id":"https:\/\/holokausztmuzeum.hu\/#website","url":"https:\/\/holokausztmuzeum.hu\/","name":"\u00c9C H\u00c1JIM - Holokausztm\u00fazeum","description":"A Sorsok H\u00e1za","potentialAction":[{"@type":"SearchAction","target":{"@type":"EntryPoint","urlTemplate":"https:\/\/holokausztmuzeum.hu\/?s={search_term_string}"},"query-input":{"@type":"PropertyValueSpecification","valueRequired":true,"valueName":"search_term_string"}}],"inLanguage":"en-US"}]}},"_links":{"self":[{"href":"https:\/\/holokausztmuzeum.hu\/en\/wp-json\/wp\/v2\/pages\/492","targetHints":{"allow":["GET"]}}],"collection":[{"href":"https:\/\/holokausztmuzeum.hu\/en\/wp-json\/wp\/v2\/pages"}],"about":[{"href":"https:\/\/holokausztmuzeum.hu\/en\/wp-json\/wp\/v2\/types\/page"}],"author":[{"embeddable":true,"href":"https:\/\/holokausztmuzeum.hu\/en\/wp-json\/wp\/v2\/users\/1"}],"replies":[{"embeddable":true,"href":"https:\/\/holokausztmuzeum.hu\/en\/wp-json\/wp\/v2\/comments?post=492"}],"version-history":[{"count":11,"href":"https:\/\/holokausztmuzeum.hu\/en\/wp-json\/wp\/v2\/pages\/492\/revisions"}],"predecessor-version":[{"id":1392,"href":"https:\/\/holokausztmuzeum.hu\/en\/wp-json\/wp\/v2\/pages\/492\/revisions\/1392"}],"wp:attachment":[{"href":"https:\/\/holokausztmuzeum.hu\/en\/wp-json\/wp\/v2\/media?parent=492"}],"curies":[{"name":"wp","href":"https:\/\/api.w.org\/{rel}","templated":true}]}}