{"id":490,"date":"2023-07-30T05:48:51","date_gmt":"2023-07-30T05:48:51","guid":{"rendered":"https:\/\/holokausztmuzeum.hu\/penzugyek\/"},"modified":"2023-09-22T10:33:10","modified_gmt":"2023-09-22T10:33:10","slug":"finances","status":"publish","type":"page","link":"https:\/\/holokausztmuzeum.hu\/en\/finances\/","title":{"rendered":"Finances"},"content":{"rendered":"","protected":false},"excerpt":{"rendered":"","protected":false},"author":1,"featured_media":0,"parent":0,"menu_order":0,"comment_status":"closed","ping_status":"closed","template":"templates\/penzugyek.php","meta":{"_acf_changed":false,"inline_featured_image":false,"footnotes":""},"class_list":["post-490","page","type-page","status-publish","hentry"],"acf":[],"yoast_head":"<!-- This site is optimized with the Yoast SEO Premium plugin v26.2 (Yoast SEO v27.5) - https:\/\/yoast.com\/product\/yoast-seo-premium-wordpress\/ -->\n<title>Finances - \u00c9C H\u00c1JIM - Holokausztm\u00fazeum<\/title>\n<meta name=\"robots\" content=\"index, follow, max-snippet:-1, max-image-preview:large, max-video-preview:-1\" \/>\n<link rel=\"canonical\" href=\"https:\/\/holokausztmuzeum.hu\/en\/finances\/\" \/>\n<meta property=\"og:locale\" content=\"en_US\" \/>\n<meta property=\"og:type\" content=\"article\" \/>\n<meta property=\"og:title\" content=\"Finances\" \/>\n<meta property=\"og:url\" content=\"https:\/\/holokausztmuzeum.hu\/en\/finances\/\" \/>\n<meta property=\"og:site_name\" content=\"\u00c9C H\u00c1JIM - Holokausztm\u00fazeum\" \/>\n<meta property=\"article:modified_time\" content=\"2023-09-22T10:33:10+00:00\" \/>\n<meta property=\"og:image\" content=\"https:\/\/holokausztmuzeum.hu\/wp-content\/uploads\/2023\/09\/IMG_0745.jpeg\" \/>\n\t<meta property=\"og:image:width\" content=\"1920\" \/>\n\t<meta property=\"og:image:height\" content=\"1080\" \/>\n\t<meta property=\"og:image:type\" content=\"image\/jpeg\" \/>\n<meta name=\"twitter:card\" content=\"summary_large_image\" \/>\n<script type=\"application\/ld+json\" class=\"yoast-schema-graph\">{\"@context\":\"https:\\\/\\\/schema.org\",\"@graph\":[{\"@type\":\"WebPage\",\"@id\":\"https:\\\/\\\/holokausztmuzeum.hu\\\/en\\\/finances\\\/\",\"url\":\"https:\\\/\\\/holokausztmuzeum.hu\\\/en\\\/finances\\\/\",\"name\":\"Finances - \u00c9C H\u00c1JIM - Holokausztm\u00fazeum\",\"isPartOf\":{\"@id\":\"https:\\\/\\\/holokausztmuzeum.hu\\\/#website\"},\"datePublished\":\"2023-07-30T05:48:51+00:00\",\"dateModified\":\"2023-09-22T10:33:10+00:00\",\"breadcrumb\":{\"@id\":\"https:\\\/\\\/holokausztmuzeum.hu\\\/en\\\/finances\\\/#breadcrumb\"},\"inLanguage\":\"en-US\",\"potentialAction\":[{\"@type\":\"ReadAction\",\"target\":[\"https:\\\/\\\/holokausztmuzeum.hu\\\/en\\\/finances\\\/\"]}]},{\"@type\":\"BreadcrumbList\",\"@id\":\"https:\\\/\\\/holokausztmuzeum.hu\\\/en\\\/finances\\\/#breadcrumb\",\"itemListElement\":[{\"@type\":\"ListItem\",\"position\":1,\"name\":\"Kezd\u0151lap\",\"item\":\"https:\\\/\\\/holokausztmuzeum.hu\\\/en\\\/\"},{\"@type\":\"ListItem\",\"position\":2,\"name\":\"Finances\"}]},{\"@type\":\"WebSite\",\"@id\":\"https:\\\/\\\/holokausztmuzeum.hu\\\/#website\",\"url\":\"https:\\\/\\\/holokausztmuzeum.hu\\\/\",\"name\":\"\u00c9C H\u00c1JIM - Holokausztm\u00fazeum\",\"description\":\"A Sorsok H\u00e1za\",\"potentialAction\":[{\"@type\":\"SearchAction\",\"target\":{\"@type\":\"EntryPoint\",\"urlTemplate\":\"https:\\\/\\\/holokausztmuzeum.hu\\\/?s={search_term_string}\"},\"query-input\":{\"@type\":\"PropertyValueSpecification\",\"valueRequired\":true,\"valueName\":\"search_term_string\"}}],\"inLanguage\":\"en-US\"}]}<\/script>\n<!-- \/ Yoast SEO Premium plugin. -->","yoast_head_json":{"title":"Finances - \u00c9C H\u00c1JIM - Holokausztm\u00fazeum","robots":{"index":"index","follow":"follow","max-snippet":"max-snippet:-1","max-image-preview":"max-image-preview:large","max-video-preview":"max-video-preview:-1"},"canonical":"https:\/\/holokausztmuzeum.hu\/en\/finances\/","og_locale":"en_US","og_type":"article","og_title":"Finances","og_url":"https:\/\/holokausztmuzeum.hu\/en\/finances\/","og_site_name":"\u00c9C H\u00c1JIM - Holokausztm\u00fazeum","article_modified_time":"2023-09-22T10:33:10+00:00","og_image":[{"width":1920,"height":1080,"url":"https:\/\/holokausztmuzeum.hu\/wp-content\/uploads\/2023\/09\/IMG_0745.jpeg","type":"image\/jpeg"}],"twitter_card":"summary_large_image","schema":{"@context":"https:\/\/schema.org","@graph":[{"@type":"WebPage","@id":"https:\/\/holokausztmuzeum.hu\/en\/finances\/","url":"https:\/\/holokausztmuzeum.hu\/en\/finances\/","name":"Finances - \u00c9C H\u00c1JIM - Holokausztm\u00fazeum","isPartOf":{"@id":"https:\/\/holokausztmuzeum.hu\/#website"},"datePublished":"2023-07-30T05:48:51+00:00","dateModified":"2023-09-22T10:33:10+00:00","breadcrumb":{"@id":"https:\/\/holokausztmuzeum.hu\/en\/finances\/#breadcrumb"},"inLanguage":"en-US","potentialAction":[{"@type":"ReadAction","target":["https:\/\/holokausztmuzeum.hu\/en\/finances\/"]}]},{"@type":"BreadcrumbList","@id":"https:\/\/holokausztmuzeum.hu\/en\/finances\/#breadcrumb","itemListElement":[{"@type":"ListItem","position":1,"name":"Kezd\u0151lap","item":"https:\/\/holokausztmuzeum.hu\/en\/"},{"@type":"ListItem","position":2,"name":"Finances"}]},{"@type":"WebSite","@id":"https:\/\/holokausztmuzeum.hu\/#website","url":"https:\/\/holokausztmuzeum.hu\/","name":"\u00c9C H\u00c1JIM - Holokausztm\u00fazeum","description":"A Sorsok H\u00e1za","potentialAction":[{"@type":"SearchAction","target":{"@type":"EntryPoint","urlTemplate":"https:\/\/holokausztmuzeum.hu\/?s={search_term_string}"},"query-input":{"@type":"PropertyValueSpecification","valueRequired":true,"valueName":"search_term_string"}}],"inLanguage":"en-US"}]}},"_links":{"self":[{"href":"https:\/\/holokausztmuzeum.hu\/en\/wp-json\/wp\/v2\/pages\/490","targetHints":{"allow":["GET"]}}],"collection":[{"href":"https:\/\/holokausztmuzeum.hu\/en\/wp-json\/wp\/v2\/pages"}],"about":[{"href":"https:\/\/holokausztmuzeum.hu\/en\/wp-json\/wp\/v2\/types\/page"}],"author":[{"embeddable":true,"href":"https:\/\/holokausztmuzeum.hu\/en\/wp-json\/wp\/v2\/users\/1"}],"replies":[{"embeddable":true,"href":"https:\/\/holokausztmuzeum.hu\/en\/wp-json\/wp\/v2\/comments?post=490"}],"version-history":[{"count":7,"href":"https:\/\/holokausztmuzeum.hu\/en\/wp-json\/wp\/v2\/pages\/490\/revisions"}],"predecessor-version":[{"id":1273,"href":"https:\/\/holokausztmuzeum.hu\/en\/wp-json\/wp\/v2\/pages\/490\/revisions\/1273"}],"wp:attachment":[{"href":"https:\/\/holokausztmuzeum.hu\/en\/wp-json\/wp\/v2\/media?parent=490"}],"curies":[{"name":"wp","href":"https:\/\/api.w.org\/{rel}","templated":true}]}}